{"id":82,"date":"2023-10-23T19:37:01","date_gmt":"2023-10-23T19:37:01","guid":{"rendered":"https:\/\/targetreklam.com\/?page_id=82"},"modified":"2024-09-18T10:16:23","modified_gmt":"2024-09-18T10:16:23","slug":"dis-mekan-tabelalar","status":"publish","type":"page","link":"https:\/\/targetreklam.com\/index.php\/dis-mekan-tabelalar\/","title":{"rendered":"D\u0131\u015f Mekan Tabelalar"},"content":{"rendered":"<p>&nbsp;<\/p>\n<table class=\" aligncenter\" border=\"0\" width=\"70%\" cellspacing=\"0\" cellpadding=\"0\">\n<tbody>\n<tr>\n<td width=\"100%\">\u0130\u015f yerinizin fark\u0131ndal\u0131\u011f\u0131n\u0131 art\u0131rmak i\u00e7in yola cephesi olan ve en g\u00fczel yere kondurulan yapt\u0131\u011f\u0131m\u0131z tabelalardan baz\u0131lar\u0131 a\u015fa\u011f\u0131daki gibidir.<\/td>\n<\/tr>\n<\/tbody>\n<\/table>\n<table class=\" aligncenter\" border=\"0\" width=\"70%\" cellspacing=\"0\" cellpadding=\"0\">\n<tbody>\n<tr>\n<td width=\"30%\"><img decoding=\"async\" loading=\"lazy\" class=\"alignnone wp-image-100 size-medium\" src=\"https:\/\/targetreklam.com\/wp-content\/uploads\/2023\/10\/tabela-9-300x225.jpeg\" alt=\"\" width=\"300\" height=\"225\" srcset=\"https:\/\/targetreklam.com\/wp-content\/uploads\/2023\/10\/tabela-9-300x225.jpeg 300w, https:\/\/targetreklam.com\/wp-content\/uploads\/2023\/10\/tabela-9-1024x768.jpeg 1024w, https:\/\/targetreklam.com\/wp-content\/uploads\/2023\/10\/tabela-9-768x576.jpeg 768w, https:\/\/targetreklam.com\/wp-content\/uploads\/2023\/10\/tabela-9-1536x1152.jpeg 1536w, https:\/\/targetreklam.com\/wp-content\/uploads\/2023\/10\/tabela-9.jpeg 1600w\" sizes=\"(max-width: 300px) 100vw, 300px\" \/><\/td>\n<td width=\"5%\"><\/td>\n<td width=\"30%\"><img decoding=\"async\" loading=\"lazy\" class=\"alignnone wp-image-93 size-medium\" src=\"https:\/\/targetreklam.com\/wp-content\/uploads\/2023\/10\/tabela-2-300x225.jpeg\" alt=\"\" width=\"300\" height=\"225\" srcset=\"https:\/\/targetreklam.com\/wp-content\/uploads\/2023\/10\/tabela-2-300x225.jpeg 300w, https:\/\/targetreklam.com\/wp-content\/uploads\/2023\/10\/tabela-2-1024x768.jpeg 1024w, https:\/\/targetreklam.com\/wp-content\/uploads\/2023\/10\/tabela-2-768x576.jpeg 768w, https:\/\/targetreklam.com\/wp-content\/uploads\/2023\/10\/tabela-2-1536x1152.jpeg 1536w, https:\/\/targetreklam.com\/wp-content\/uploads\/2023\/10\/tabela-2.jpeg 1600w\" sizes=\"(max-width: 300px) 100vw, 300px\" \/><\/td>\n<td width=\"5%\"><\/td>\n<td width=\"30%\"><img decoding=\"async\" loading=\"lazy\" class=\"alignnone wp-image-95 size-medium\" src=\"https:\/\/targetreklam.com\/wp-content\/uploads\/2023\/10\/tabela-4-300x225.jpeg\" alt=\"\" width=\"300\" height=\"225\" srcset=\"https:\/\/targetreklam.com\/wp-content\/uploads\/2023\/10\/tabela-4-300x225.jpeg 300w, https:\/\/targetreklam.com\/wp-content\/uploads\/2023\/10\/tabela-4-1024x768.jpeg 1024w, https:\/\/targetreklam.com\/wp-content\/uploads\/2023\/10\/tabela-4-768x576.jpeg 768w, https:\/\/targetreklam.com\/wp-content\/uploads\/2023\/10\/tabela-4-1536x1152.jpeg 1536w, https:\/\/targetreklam.com\/wp-content\/uploads\/2023\/10\/tabela-4.jpeg 1600w\" sizes=\"(max-width: 300px) 100vw, 300px\" \/><\/td>\n<\/tr>\n<tr>\n<td><img decoding=\"async\" loading=\"lazy\" class=\"alignnone wp-image-92 size-medium\" src=\"https:\/\/targetreklam.com\/wp-content\/uploads\/2023\/10\/tabela-1-225x300.jpeg\" alt=\"\" width=\"225\" height=\"300\" srcset=\"https:\/\/targetreklam.com\/wp-content\/uploads\/2023\/10\/tabela-1-225x300.jpeg 225w, https:\/\/targetreklam.com\/wp-content\/uploads\/2023\/10\/tabela-1-768x1024.jpeg 768w, https:\/\/targetreklam.com\/wp-content\/uploads\/2023\/10\/tabela-1-1152x1536.jpeg 1152w, https:\/\/targetreklam.com\/wp-content\/uploads\/2023\/10\/tabela-1.jpeg 1200w\" sizes=\"(max-width: 225px) 100vw, 225px\" \/><\/td>\n<td><\/td>\n<td><img decoding=\"async\" loading=\"lazy\" class=\"alignnone wp-image-98 size-medium\" src=\"https:\/\/targetreklam.com\/wp-content\/uploads\/2023\/10\/tabela-7-225x300.jpeg\" alt=\"\" width=\"225\" height=\"300\" srcset=\"https:\/\/targetreklam.com\/wp-content\/uploads\/2023\/10\/tabela-7-225x300.jpeg 225w, https:\/\/targetreklam.com\/wp-content\/uploads\/2023\/10\/tabela-7-768x1024.jpeg 768w, https:\/\/targetreklam.com\/wp-content\/uploads\/2023\/10\/tabela-7-1152x1536.jpeg 1152w, https:\/\/targetreklam.com\/wp-content\/uploads\/2023\/10\/tabela-7.jpeg 1200w\" sizes=\"(max-width: 225px) 100vw, 225px\" \/><\/td>\n<td><\/td>\n<td><img decoding=\"async\" loading=\"lazy\" class=\"alignnone wp-image-97 size-medium\" src=\"https:\/\/targetreklam.com\/wp-content\/uploads\/2023\/10\/tabela-6-225x300.jpeg\" alt=\"\" width=\"225\" height=\"300\" srcset=\"https:\/\/targetreklam.com\/wp-content\/uploads\/2023\/10\/tabela-6-225x300.jpeg 225w, https:\/\/targetreklam.com\/wp-content\/uploads\/2023\/10\/tabela-6-768x1024.jpeg 768w, https:\/\/targetreklam.com\/wp-content\/uploads\/2023\/10\/tabela-6-1152x1536.jpeg 1152w, https:\/\/targetreklam.com\/wp-content\/uploads\/2023\/10\/tabela-6.jpeg 1200w\" sizes=\"(max-width: 225px) 100vw, 225px\" \/><\/td>\n<\/tr>\n<tr>\n<td><img decoding=\"async\" loading=\"lazy\" class=\"alignnone wp-image-96 size-medium\" src=\"https:\/\/targetreklam.com\/wp-content\/uploads\/2023\/10\/tabela-5-225x300.jpeg\" alt=\"\" width=\"225\" height=\"300\" srcset=\"https:\/\/targetreklam.com\/wp-content\/uploads\/2023\/10\/tabela-5-225x300.jpeg 225w, https:\/\/targetreklam.com\/wp-content\/uploads\/2023\/10\/tabela-5-768x1024.jpeg 768w, https:\/\/targetreklam.com\/wp-content\/uploads\/2023\/10\/tabela-5-1152x1536.jpeg 1152w, https:\/\/targetreklam.com\/wp-content\/uploads\/2023\/10\/tabela-5.jpeg 1200w\" sizes=\"(max-width: 225px) 100vw, 225px\" \/><\/td>\n<td><\/td>\n<td><img decoding=\"async\" loading=\"lazy\" class=\"alignnone wp-image-99 size-medium\" src=\"https:\/\/targetreklam.com\/wp-content\/uploads\/2023\/10\/tabela-8-225x300.jpeg\" alt=\"\" width=\"225\" height=\"300\" srcset=\"https:\/\/targetreklam.com\/wp-content\/uploads\/2023\/10\/tabela-8-225x300.jpeg 225w, https:\/\/targetreklam.com\/wp-content\/uploads\/2023\/10\/tabela-8-768x1024.jpeg 768w, https:\/\/targetreklam.com\/wp-content\/uploads\/2023\/10\/tabela-8-1152x1536.jpeg 1152w, https:\/\/targetreklam.com\/wp-content\/uploads\/2023\/10\/tabela-8.jpeg 1200w\" sizes=\"(max-width: 225px) 100vw, 225px\" \/><\/td>\n<td><\/td>\n<td><img decoding=\"async\" loading=\"lazy\" class=\"alignnone size-medium wp-image-128\" src=\"https:\/\/targetreklam.com\/wp-content\/uploads\/2023\/10\/tabela-10-300x225.jpeg\" alt=\"\" width=\"300\" height=\"225\" srcset=\"https:\/\/targetreklam.com\/wp-content\/uploads\/2023\/10\/tabela-10-300x225.jpeg 300w, https:\/\/targetreklam.com\/wp-content\/uploads\/2023\/10\/tabela-10-1024x768.jpeg 1024w, https:\/\/targetreklam.com\/wp-content\/uploads\/2023\/10\/tabela-10-768x576.jpeg 768w, https:\/\/targetreklam.com\/wp-content\/uploads\/2023\/10\/tabela-10-1536x1152.jpeg 1536w, https:\/\/targetreklam.com\/wp-content\/uploads\/2023\/10\/tabela-10.jpeg 2040w\" sizes=\"(max-width: 300px) 100vw, 300px\" \/><\/td>\n<\/tr>\n<tr>\n<td><img decoding=\"async\" loading=\"lazy\" class=\"alignnone size-medium wp-image-130\" src=\"https:\/\/targetreklam.com\/wp-content\/uploads\/2023\/10\/tabela-12-300x149.jpeg\" alt=\"\" width=\"300\" height=\"149\" srcset=\"https:\/\/targetreklam.com\/wp-content\/uploads\/2023\/10\/tabela-12-300x149.jpeg 300w, https:\/\/targetreklam.com\/wp-content\/uploads\/2023\/10\/tabela-12-1024x507.jpeg 1024w, https:\/\/targetreklam.com\/wp-content\/uploads\/2023\/10\/tabela-12-768x380.jpeg 768w, https:\/\/targetreklam.com\/wp-content\/uploads\/2023\/10\/tabela-12.jpeg 1280w\" sizes=\"(max-width: 300px) 100vw, 300px\" \/><\/td>\n<td><\/td>\n<td><img decoding=\"async\" loading=\"lazy\" class=\"alignnone size-medium wp-image-129\" src=\"https:\/\/targetreklam.com\/wp-content\/uploads\/2023\/10\/tabela-11-300x274.jpeg\" alt=\"\" width=\"300\" height=\"274\" srcset=\"https:\/\/targetreklam.com\/wp-content\/uploads\/2023\/10\/tabela-11-300x274.jpeg 300w, https:\/\/targetreklam.com\/wp-content\/uploads\/2023\/10\/tabela-11-1024x934.jpeg 1024w, https:\/\/targetreklam.com\/wp-content\/uploads\/2023\/10\/tabela-11-768x701.jpeg 768w, https:\/\/targetreklam.com\/wp-content\/uploads\/2023\/10\/tabela-11.jpeg 1280w\" sizes=\"(max-width: 300px) 100vw, 300px\" \/><\/td>\n<td><\/td>\n<td><img decoding=\"async\" loading=\"lazy\" class=\"alignnone size-medium wp-image-209\" src=\"https:\/\/targetreklam.com\/wp-content\/uploads\/2024\/08\/enes-300x175.jpg\" alt=\"\" width=\"300\" height=\"175\" srcset=\"https:\/\/targetreklam.com\/wp-content\/uploads\/2024\/08\/enes-300x175.jpg 300w, https:\/\/targetreklam.com\/wp-content\/uploads\/2024\/08\/enes-1024x598.jpg 1024w, https:\/\/targetreklam.com\/wp-content\/uploads\/2024\/08\/enes-768x448.jpg 768w, https:\/\/targetreklam.com\/wp-content\/uploads\/2024\/08\/enes-1536x897.jpg 1536w, https:\/\/targetreklam.com\/wp-content\/uploads\/2024\/08\/enes-2048x1196.jpg 2048w\" sizes=\"(max-width: 300px) 100vw, 300px\" \/><\/td>\n<\/tr>\n<tr>\n<td><\/td>\n<td><\/td>\n<td><\/td>\n<td><\/td>\n<td><\/td>\n<\/tr>\n<tr>\n<td><\/td>\n<td><\/td>\n<td><\/td>\n<td><\/td>\n<td><\/td>\n<\/tr>\n<tr>\n<td><\/td>\n<td><\/td>\n<td><\/td>\n<td><\/td>\n<td><\/td>\n<\/tr>\n<tr>\n<td><img decoding=\"async\" loading=\"lazy\" class=\"alignnone size-medium wp-image-255\" src=\"https:\/\/targetreklam.com\/wp-content\/uploads\/2024\/09\/IMG-20240917-WA0014-e1726654144107-232x300.jpg\" alt=\"\" width=\"232\" height=\"300\" srcset=\"https:\/\/targetreklam.com\/wp-content\/uploads\/2024\/09\/IMG-20240917-WA0014-e1726654144107-232x300.jpg 232w, https:\/\/targetreklam.com\/wp-content\/uploads\/2024\/09\/IMG-20240917-WA0014-e1726654144107-792x1024.jpg 792w, https:\/\/targetreklam.com\/wp-content\/uploads\/2024\/09\/IMG-20240917-WA0014-e1726654144107-768x993.jpg 768w, https:\/\/targetreklam.com\/wp-content\/uploads\/2024\/09\/IMG-20240917-WA0014-e1726654144107-1187x1536.jpg 1187w, https:\/\/targetreklam.com\/wp-content\/uploads\/2024\/09\/IMG-20240917-WA0014-e1726654144107.jpg 1199w\" sizes=\"(max-width: 232px) 100vw, 232px\" \/><\/td>\n<td><\/td>\n<td><img decoding=\"async\" loading=\"lazy\" class=\"alignnone size-medium wp-image-256\" src=\"https:\/\/targetreklam.com\/wp-content\/uploads\/2024\/09\/IMG-20240917-WA0010-e1726654165765-232x300.jpg\" alt=\"\" width=\"232\" height=\"300\" srcset=\"https:\/\/targetreklam.com\/wp-content\/uploads\/2024\/09\/IMG-20240917-WA0010-e1726654165765-232x300.jpg 232w, https:\/\/targetreklam.com\/wp-content\/uploads\/2024\/09\/IMG-20240917-WA0010-e1726654165765-792x1024.jpg 792w, https:\/\/targetreklam.com\/wp-content\/uploads\/2024\/09\/IMG-20240917-WA0010-e1726654165765-768x993.jpg 768w, https:\/\/targetreklam.com\/wp-content\/uploads\/2024\/09\/IMG-20240917-WA0010-e1726654165765-1187x1536.jpg 1187w, https:\/\/targetreklam.com\/wp-content\/uploads\/2024\/09\/IMG-20240917-WA0010-e1726654165765.jpg 1199w\" sizes=\"(max-width: 232px) 100vw, 232px\" \/><\/td>\n<td><\/td>\n<td><img decoding=\"async\" loading=\"lazy\" class=\"alignnone size-medium wp-image-254\" src=\"https:\/\/targetreklam.com\/wp-content\/uploads\/2024\/09\/IMG-20240917-WA0025-e1726654125652-232x300.jpg\" alt=\"\" width=\"232\" height=\"300\" srcset=\"https:\/\/targetreklam.com\/wp-content\/uploads\/2024\/09\/IMG-20240917-WA0025-e1726654125652-232x300.jpg 232w, https:\/\/targetreklam.com\/wp-content\/uploads\/2024\/09\/IMG-20240917-WA0025-e1726654125652-792x1024.jpg 792w, https:\/\/targetreklam.com\/wp-content\/uploads\/2024\/09\/IMG-20240917-WA0025-e1726654125652-768x993.jpg 768w, https:\/\/targetreklam.com\/wp-content\/uploads\/2024\/09\/IMG-20240917-WA0025-e1726654125652-1187x1536.jpg 1187w, https:\/\/targetreklam.com\/wp-content\/uploads\/2024\/09\/IMG-20240917-WA0025-e1726654125652.jpg 1199w\" sizes=\"(max-width: 232px) 100vw, 232px\" \/><\/td>\n<\/tr>\n<tr>\n<td><\/td>\n<td><\/td>\n<td><\/td>\n<td><\/td>\n<td><\/td>\n<\/tr>\n<tr>\n<td><img decoding=\"async\" loading=\"lazy\" class=\"alignnone size-medium wp-image-262\" src=\"https:\/\/targetreklam.com\/wp-content\/uploads\/2024\/09\/IMG-20240917-WA0011-225x300.jpg\" alt=\"\" width=\"225\" height=\"300\" srcset=\"https:\/\/targetreklam.com\/wp-content\/uploads\/2024\/09\/IMG-20240917-WA0011-225x300.jpg 225w, https:\/\/targetreklam.com\/wp-content\/uploads\/2024\/09\/IMG-20240917-WA0011-768x1023.jpg 768w, https:\/\/targetreklam.com\/wp-content\/uploads\/2024\/09\/IMG-20240917-WA0011-1153x1536.jpg 1153w, https:\/\/targetreklam.com\/wp-content\/uploads\/2024\/09\/IMG-20240917-WA0011.jpg 1200w\" sizes=\"(max-width: 225px) 100vw, 225px\" \/><\/td>\n<td><\/td>\n<td><img decoding=\"async\" loading=\"lazy\" class=\"alignnone size-medium wp-image-267\" src=\"https:\/\/targetreklam.com\/wp-content\/uploads\/2024\/09\/IMG-20240917-WA0017-225x300.jpg\" alt=\"\" width=\"225\" height=\"300\" srcset=\"https:\/\/targetreklam.com\/wp-content\/uploads\/2024\/09\/IMG-20240917-WA0017-225x300.jpg 225w, https:\/\/targetreklam.com\/wp-content\/uploads\/2024\/09\/IMG-20240917-WA0017-768x1024.jpg 768w, https:\/\/targetreklam.com\/wp-content\/uploads\/2024\/09\/IMG-20240917-WA0017-1152x1536.jpg 1152w, https:\/\/targetreklam.com\/wp-content\/uploads\/2024\/09\/IMG-20240917-WA0017.jpg 1536w\" sizes=\"(max-width: 225px) 100vw, 225px\" \/><\/td>\n<td><\/td>\n<td><img decoding=\"async\" loading=\"lazy\" class=\"alignnone size-medium wp-image-272\" src=\"https:\/\/targetreklam.com\/wp-content\/uploads\/2024\/09\/IMG-20240917-WA0024-225x300.jpg\" alt=\"\" width=\"225\" height=\"300\" srcset=\"https:\/\/targetreklam.com\/wp-content\/uploads\/2024\/09\/IMG-20240917-WA0024-225x300.jpg 225w, https:\/\/targetreklam.com\/wp-content\/uploads\/2024\/09\/IMG-20240917-WA0024-768x1023.jpg 768w, https:\/\/targetreklam.com\/wp-content\/uploads\/2024\/09\/IMG-20240917-WA0024-1153x1536.jpg 1153w, https:\/\/targetreklam.com\/wp-content\/uploads\/2024\/09\/IMG-20240917-WA0024.jpg 1200w\" sizes=\"(max-width: 225px) 100vw, 225px\" \/><\/td>\n<\/tr>\n<tr>\n<td><\/td>\n<td><\/td>\n<td><\/td>\n<td><\/td>\n<td><\/td>\n<\/tr>\n<tr>\n<td><img decoding=\"async\" loading=\"lazy\" class=\"alignnone size-medium wp-image-268\" src=\"https:\/\/targetreklam.com\/wp-content\/uploads\/2024\/09\/IMG-20240917-WA0020-225x300.jpg\" alt=\"\" width=\"225\" height=\"300\" srcset=\"https:\/\/targetreklam.com\/wp-content\/uploads\/2024\/09\/IMG-20240917-WA0020-225x300.jpg 225w, https:\/\/targetreklam.com\/wp-content\/uploads\/2024\/09\/IMG-20240917-WA0020-768x1023.jpg 768w, https:\/\/targetreklam.com\/wp-content\/uploads\/2024\/09\/IMG-20240917-WA0020-1153x1536.jpg 1153w, https:\/\/targetreklam.com\/wp-content\/uploads\/2024\/09\/IMG-20240917-WA0020.jpg 1200w\" sizes=\"(max-width: 225px) 100vw, 225px\" \/><\/td>\n<td><\/td>\n<td><img decoding=\"async\" loading=\"lazy\" class=\"alignnone size-medium wp-image-265\" src=\"https:\/\/targetreklam.com\/wp-content\/uploads\/2024\/09\/IMG-20240917-WA0015-225x300.jpg\" alt=\"\" width=\"225\" height=\"300\" srcset=\"https:\/\/targetreklam.com\/wp-content\/uploads\/2024\/09\/IMG-20240917-WA0015-225x300.jpg 225w, https:\/\/targetreklam.com\/wp-content\/uploads\/2024\/09\/IMG-20240917-WA0015-768x1023.jpg 768w, https:\/\/targetreklam.com\/wp-content\/uploads\/2024\/09\/IMG-20240917-WA0015-1153x1536.jpg 1153w, https:\/\/targetreklam.com\/wp-content\/uploads\/2024\/09\/IMG-20240917-WA0015.jpg 1200w\" sizes=\"(max-width: 225px) 100vw, 225px\" \/><\/td>\n<td><\/td>\n<td><img decoding=\"async\" loading=\"lazy\" class=\"alignnone size-medium wp-image-257\" src=\"https:\/\/targetreklam.com\/wp-content\/uploads\/2024\/09\/IMG-20240917-WA0004-225x300.jpg\" alt=\"\" width=\"225\" height=\"300\" srcset=\"https:\/\/targetreklam.com\/wp-content\/uploads\/2024\/09\/IMG-20240917-WA0004-225x300.jpg 225w, https:\/\/targetreklam.com\/wp-content\/uploads\/2024\/09\/IMG-20240917-WA0004-768x1023.jpg 768w, https:\/\/targetreklam.com\/wp-content\/uploads\/2024\/09\/IMG-20240917-WA0004-1153x1536.jpg 1153w, https:\/\/targetreklam.com\/wp-content\/uploads\/2024\/09\/IMG-20240917-WA0004.jpg 1200w\" sizes=\"(max-width: 225px) 100vw, 225px\" \/><\/td>\n<\/tr>\n<tr>\n<td><\/td>\n<td><\/td>\n<td><\/td>\n<td><\/td>\n<td><\/td>\n<\/tr>\n<tr>\n<td><\/td>\n<td><\/td>\n<td><\/td>\n<td><\/td>\n<td><\/td>\n<\/tr>\n<tr>\n<td><\/td>\n<td><\/td>\n<td><\/td>\n<td><\/td>\n<td><\/td>\n<\/tr>\n<tr>\n<td><\/td>\n<td><\/td>\n<td><\/td>\n<td><\/td>\n<td><\/td>\n<\/tr>\n<tr>\n<td><\/td>\n<td><\/td>\n<td><\/td>\n<td><\/td>\n<td><\/td>\n<\/tr>\n<tr>\n<td><\/td>\n<td><\/td>\n<td><\/td>\n<td><\/td>\n<td><\/td>\n<\/tr>\n<tr>\n<td><\/td>\n<td><\/td>\n<td><\/td>\n<td><\/td>\n<td><\/td>\n<\/tr>\n<tr>\n<td><\/td>\n<td><\/td>\n<td><\/td>\n<td><\/td>\n<td><\/td>\n<\/tr>\n<tr>\n<td><\/td>\n<td><\/td>\n<td><\/td>\n<td><\/td>\n<td><\/td>\n<\/tr>\n<tr>\n<td><\/td>\n<td><\/td>\n<td><\/td>\n<td><\/td>\n<td><\/td>\n<\/tr>\n<tr>\n<td><\/td>\n<td><\/td>\n<td><\/td>\n<td><\/td>\n<td><\/td>\n<\/tr>\n<tr>\n<td><\/td>\n<td><\/td>\n<td><\/td>\n<td><\/td>\n<td><\/td>\n<\/tr>\n<tr>\n<td><\/td>\n<td><\/td>\n<td><\/td>\n<td><\/td>\n<td><\/td>\n<\/tr>\n<tr>\n<td><\/td>\n<td><\/td>\n<td><\/td>\n<td><\/td>\n<td><\/td>\n<\/tr>\n<tr>\n<td><\/td>\n<td><\/td>\n<td><\/td>\n<td><\/td>\n<td><\/td>\n<\/tr>\n<tr>\n<td><\/td>\n<td><\/td>\n<td><\/td>\n<td><\/td>\n<td><\/td>\n<\/tr>\n<tr>\n<td><\/td>\n<td><\/td>\n<td><\/td>\n<td><\/td>\n<td><\/td>\n<\/tr>\n<tr>\n<td><\/td>\n<td><\/td>\n<td><\/td>\n<td><\/td>\n<td><\/td>\n<\/tr>\n<tr>\n<td><\/td>\n<td><\/td>\n<td><\/td>\n<td><\/td>\n<td><\/td>\n<\/tr>\n<\/tbody>\n<\/table>\n<p>&nbsp;<\/p>\n","protected":false},"excerpt":{"rendered":"<p>&nbsp; \u0130\u015f yerinizin fark\u0131ndal\u0131\u011f\u0131n\u0131 art\u0131rmak i\u00e7in yola cephesi olan ve en g\u00fczel yere kondurulan yapt\u0131\u011f\u0131m\u0131z tabelalardan baz\u0131lar\u0131 a\u015fa\u011f\u0131daki gibidir. &nbsp;<\/p>\n","protected":false},"author":1,"featured_media":0,"parent":0,"menu_order":0,"comment_status":"closed","ping_status":"closed","template":"","meta":{"footnotes":""},"_links":{"self":[{"href":"https:\/\/targetreklam.com\/index.php\/wp-json\/wp\/v2\/pages\/82"}],"collection":[{"href":"https:\/\/targetreklam.com\/index.php\/wp-json\/wp\/v2\/pages"}],"about":[{"href":"https:\/\/targetreklam.com\/index.php\/wp-json\/wp\/v2\/types\/page"}],"author":[{"embeddable":true,"href":"https:\/\/targetreklam.com\/index.php\/wp-json\/wp\/v2\/users\/1"}],"replies":[{"embeddable":true,"href":"https:\/\/targetreklam.com\/index.php\/wp-json\/wp\/v2\/comments?post=82"}],"version-history":[{"count":10,"href":"https:\/\/targetreklam.com\/index.php\/wp-json\/wp\/v2\/pages\/82\/revisions"}],"predecessor-version":[{"id":275,"href":"https:\/\/targetreklam.com\/index.php\/wp-json\/wp\/v2\/pages\/82\/revisions\/275"}],"wp:attachment":[{"href":"https:\/\/targetreklam.com\/index.php\/wp-json\/wp\/v2\/media?parent=82"}],"curies":[{"name":"wp","href":"https:\/\/api.w.org\/{rel}","templated":true}]}}