{"id":37,"date":"2023-10-23T08:12:45","date_gmt":"2023-10-23T08:12:45","guid":{"rendered":"https:\/\/targetreklam.com\/?page_id=37"},"modified":"2023-10-26T15:06:51","modified_gmt":"2023-10-26T15:06:51","slug":"arac-reklam-kaplamalari","status":"publish","type":"page","link":"https:\/\/targetreklam.com\/index.php\/arac-reklam-kaplamalari\/","title":{"rendered":"Ara\u00e7 Reklam Kaplamalar\u0131"},"content":{"rendered":"<p>&nbsp;<\/p>\n<table class=\" aligncenter\" border=\"0\" width=\"70%\" cellspacing=\"0\" cellpadding=\"0\">\n<tbody>\n<tr>\n<td width=\"100%\">Ara\u00e7 \u00fczerine reklam folyolar\u0131 kaplamalar\u0131 haricinde iste\u011finize g\u00f6re kaputu korumak i\u00e7in veya renk de\u011fi\u015fimi i\u00e7in folyo kaplama hizmetlerimizde mevcuttur. Ayr\u0131ca iste\u011finize g\u00f6re ara\u00e7lar\u0131n\u0131za k\u0131smi sticker yap\u0131\u015ft\u0131rma uygulamas\u0131 ve ara\u00e7 koruma filmi de uygulanmaktad\u0131r.<\/td>\n<\/tr>\n<\/tbody>\n<\/table>\n<table class=\" aligncenter\" border=\"0\" width=\"70%\" cellspacing=\"0\" cellpadding=\"0\">\n<tbody>\n<tr>\n<td width=\"30%\"><img decoding=\"async\" loading=\"lazy\" class=\"alignnone size-medium wp-image-51\" src=\"https:\/\/targetreklam.com\/wp-content\/uploads\/2023\/10\/arac-giydirme-9-300x225.jpeg\" alt=\"\" width=\"300\" height=\"225\" srcset=\"https:\/\/targetreklam.com\/wp-content\/uploads\/2023\/10\/arac-giydirme-9-300x225.jpeg 300w, https:\/\/targetreklam.com\/wp-content\/uploads\/2023\/10\/arac-giydirme-9-1024x768.jpeg 1024w, https:\/\/targetreklam.com\/wp-content\/uploads\/2023\/10\/arac-giydirme-9-768x576.jpeg 768w, https:\/\/targetreklam.com\/wp-content\/uploads\/2023\/10\/arac-giydirme-9-1536x1152.jpeg 1536w, https:\/\/targetreklam.com\/wp-content\/uploads\/2023\/10\/arac-giydirme-9.jpeg 2040w\" sizes=\"(max-width: 300px) 100vw, 300px\" \/><\/td>\n<td width=\"5%\"><\/td>\n<td width=\"30%\"><img decoding=\"async\" loading=\"lazy\" class=\"alignnone size-medium wp-image-49\" src=\"https:\/\/targetreklam.com\/wp-content\/uploads\/2023\/10\/arac-giydirme-7-300x225.jpeg\" alt=\"\" width=\"300\" height=\"225\" srcset=\"https:\/\/targetreklam.com\/wp-content\/uploads\/2023\/10\/arac-giydirme-7-300x225.jpeg 300w, https:\/\/targetreklam.com\/wp-content\/uploads\/2023\/10\/arac-giydirme-7-1024x768.jpeg 1024w, https:\/\/targetreklam.com\/wp-content\/uploads\/2023\/10\/arac-giydirme-7-768x576.jpeg 768w, https:\/\/targetreklam.com\/wp-content\/uploads\/2023\/10\/arac-giydirme-7-1536x1152.jpeg 1536w, https:\/\/targetreklam.com\/wp-content\/uploads\/2023\/10\/arac-giydirme-7.jpeg 2040w\" sizes=\"(max-width: 300px) 100vw, 300px\" \/><\/td>\n<td width=\"5%\"><\/td>\n<td width=\"30%\"><img decoding=\"async\" loading=\"lazy\" class=\"alignnone size-medium wp-image-48\" src=\"https:\/\/targetreklam.com\/wp-content\/uploads\/2023\/10\/arac-giydirme-6-300x225.jpeg\" alt=\"\" width=\"300\" height=\"225\" srcset=\"https:\/\/targetreklam.com\/wp-content\/uploads\/2023\/10\/arac-giydirme-6-300x225.jpeg 300w, https:\/\/targetreklam.com\/wp-content\/uploads\/2023\/10\/arac-giydirme-6-1024x768.jpeg 1024w, https:\/\/targetreklam.com\/wp-content\/uploads\/2023\/10\/arac-giydirme-6-768x576.jpeg 768w, https:\/\/targetreklam.com\/wp-content\/uploads\/2023\/10\/arac-giydirme-6-1536x1152.jpeg 1536w, https:\/\/targetreklam.com\/wp-content\/uploads\/2023\/10\/arac-giydirme-6.jpeg 2040w\" sizes=\"(max-width: 300px) 100vw, 300px\" \/><\/td>\n<\/tr>\n<tr>\n<td><img decoding=\"async\" loading=\"lazy\" class=\"alignnone size-medium wp-image-44\" src=\"https:\/\/targetreklam.com\/wp-content\/uploads\/2023\/10\/arac-giydirme-2-300x225.jpeg\" alt=\"\" width=\"300\" height=\"225\" srcset=\"https:\/\/targetreklam.com\/wp-content\/uploads\/2023\/10\/arac-giydirme-2-300x225.jpeg 300w, https:\/\/targetreklam.com\/wp-content\/uploads\/2023\/10\/arac-giydirme-2-1024x768.jpeg 1024w, https:\/\/targetreklam.com\/wp-content\/uploads\/2023\/10\/arac-giydirme-2-768x576.jpeg 768w, https:\/\/targetreklam.com\/wp-content\/uploads\/2023\/10\/arac-giydirme-2-1536x1152.jpeg 1536w, https:\/\/targetreklam.com\/wp-content\/uploads\/2023\/10\/arac-giydirme-2.jpeg 2040w\" sizes=\"(max-width: 300px) 100vw, 300px\" \/><\/td>\n<td><\/td>\n<td><img decoding=\"async\" loading=\"lazy\" class=\"alignnone size-medium wp-image-50\" src=\"https:\/\/targetreklam.com\/wp-content\/uploads\/2023\/10\/arac-giydirme-8-300x225.jpeg\" alt=\"\" width=\"300\" height=\"225\" srcset=\"https:\/\/targetreklam.com\/wp-content\/uploads\/2023\/10\/arac-giydirme-8-300x225.jpeg 300w, https:\/\/targetreklam.com\/wp-content\/uploads\/2023\/10\/arac-giydirme-8-1024x768.jpeg 1024w, https:\/\/targetreklam.com\/wp-content\/uploads\/2023\/10\/arac-giydirme-8-768x576.jpeg 768w, https:\/\/targetreklam.com\/wp-content\/uploads\/2023\/10\/arac-giydirme-8-1536x1152.jpeg 1536w, https:\/\/targetreklam.com\/wp-content\/uploads\/2023\/10\/arac-giydirme-8.jpeg 2040w\" sizes=\"(max-width: 300px) 100vw, 300px\" \/><\/td>\n<td><\/td>\n<td><img decoding=\"async\" loading=\"lazy\" class=\"alignnone size-medium wp-image-43\" src=\"https:\/\/targetreklam.com\/wp-content\/uploads\/2023\/10\/arac-giydirme-1-300x225.jpeg\" alt=\"\" width=\"300\" height=\"225\" srcset=\"https:\/\/targetreklam.com\/wp-content\/uploads\/2023\/10\/arac-giydirme-1-300x225.jpeg 300w, https:\/\/targetreklam.com\/wp-content\/uploads\/2023\/10\/arac-giydirme-1-1024x768.jpeg 1024w, https:\/\/targetreklam.com\/wp-content\/uploads\/2023\/10\/arac-giydirme-1-768x576.jpeg 768w, https:\/\/targetreklam.com\/wp-content\/uploads\/2023\/10\/arac-giydirme-1-1536x1152.jpeg 1536w, https:\/\/targetreklam.com\/wp-content\/uploads\/2023\/10\/arac-giydirme-1.jpeg 2040w\" sizes=\"(max-width: 300px) 100vw, 300px\" \/><\/td>\n<\/tr>\n<tr>\n<td><img decoding=\"async\" loading=\"lazy\" class=\"alignnone size-medium wp-image-45\" src=\"https:\/\/targetreklam.com\/wp-content\/uploads\/2023\/10\/arac-giydirme-3-300x225.jpeg\" alt=\"\" width=\"300\" height=\"225\" srcset=\"https:\/\/targetreklam.com\/wp-content\/uploads\/2023\/10\/arac-giydirme-3-300x225.jpeg 300w, https:\/\/targetreklam.com\/wp-content\/uploads\/2023\/10\/arac-giydirme-3-1024x768.jpeg 1024w, https:\/\/targetreklam.com\/wp-content\/uploads\/2023\/10\/arac-giydirme-3-768x576.jpeg 768w, https:\/\/targetreklam.com\/wp-content\/uploads\/2023\/10\/arac-giydirme-3-1536x1152.jpeg 1536w, https:\/\/targetreklam.com\/wp-content\/uploads\/2023\/10\/arac-giydirme-3.jpeg 2040w\" sizes=\"(max-width: 300px) 100vw, 300px\" \/><\/td>\n<td><\/td>\n<td><img decoding=\"async\" loading=\"lazy\" class=\"alignnone size-medium wp-image-46\" src=\"https:\/\/targetreklam.com\/wp-content\/uploads\/2023\/10\/arac-giydirme-4-300x169.jpeg\" alt=\"\" width=\"300\" height=\"169\" srcset=\"https:\/\/targetreklam.com\/wp-content\/uploads\/2023\/10\/arac-giydirme-4-300x169.jpeg 300w, https:\/\/targetreklam.com\/wp-content\/uploads\/2023\/10\/arac-giydirme-4-1024x576.jpeg 1024w, https:\/\/targetreklam.com\/wp-content\/uploads\/2023\/10\/arac-giydirme-4-768x432.jpeg 768w, https:\/\/targetreklam.com\/wp-content\/uploads\/2023\/10\/arac-giydirme-4-1536x864.jpeg 1536w, https:\/\/targetreklam.com\/wp-content\/uploads\/2023\/10\/arac-giydirme-4.jpeg 1600w\" sizes=\"(max-width: 300px) 100vw, 300px\" \/><\/td>\n<td><\/td>\n<td><img decoding=\"async\" loading=\"lazy\" class=\"alignnone size-medium wp-image-47\" src=\"https:\/\/targetreklam.com\/wp-content\/uploads\/2023\/10\/arac-giydirme-5-300x225.jpeg\" alt=\"\" width=\"300\" height=\"225\" srcset=\"https:\/\/targetreklam.com\/wp-content\/uploads\/2023\/10\/arac-giydirme-5-300x225.jpeg 300w, https:\/\/targetreklam.com\/wp-content\/uploads\/2023\/10\/arac-giydirme-5-1024x768.jpeg 1024w, https:\/\/targetreklam.com\/wp-content\/uploads\/2023\/10\/arac-giydirme-5-768x576.jpeg 768w, https:\/\/targetreklam.com\/wp-content\/uploads\/2023\/10\/arac-giydirme-5-1536x1152.jpeg 1536w, https:\/\/targetreklam.com\/wp-content\/uploads\/2023\/10\/arac-giydirme-5.jpeg 2040w\" sizes=\"(max-width: 300px) 100vw, 300px\" \/><\/td>\n<\/tr>\n<tr>\n<td><img decoding=\"async\" loading=\"lazy\" class=\"alignnone size-medium wp-image-168\" src=\"https:\/\/targetreklam.com\/wp-content\/uploads\/2023\/10\/arac-giydirme-10-300x300.jpeg\" alt=\"\" width=\"300\" height=\"300\" srcset=\"https:\/\/targetreklam.com\/wp-content\/uploads\/2023\/10\/arac-giydirme-10-300x300.jpeg 300w, https:\/\/targetreklam.com\/wp-content\/uploads\/2023\/10\/arac-giydirme-10-1024x1024.jpeg 1024w, https:\/\/targetreklam.com\/wp-content\/uploads\/2023\/10\/arac-giydirme-10-150x150.jpeg 150w, https:\/\/targetreklam.com\/wp-content\/uploads\/2023\/10\/arac-giydirme-10-768x768.jpeg 768w, https:\/\/targetreklam.com\/wp-content\/uploads\/2023\/10\/arac-giydirme-10.jpeg 1080w\" sizes=\"(max-width: 300px) 100vw, 300px\" \/><\/td>\n<td><\/td>\n<td><\/td>\n<td><\/td>\n<td><\/td>\n<\/tr>\n<tr>\n<td><\/td>\n<td><\/td>\n<td><\/td>\n<td><\/td>\n<td><\/td>\n<\/tr>\n<tr>\n<td><\/td>\n<td><\/td>\n<td><\/td>\n<td><\/td>\n<td><\/td>\n<\/tr>\n<tr>\n<td><\/td>\n<td><\/td>\n<td><\/td>\n<td><\/td>\n<td><\/td>\n<\/tr>\n<tr>\n<td><\/td>\n<td><\/td>\n<td><\/td>\n<td><\/td>\n<td><\/td>\n<\/tr>\n<tr>\n<td><\/td>\n<td><\/td>\n<td><\/td>\n<td><\/td>\n<td><\/td>\n<\/tr>\n<tr>\n<td><\/td>\n<td><\/td>\n<td><\/td>\n<td><\/td>\n<td><\/td>\n<\/tr>\n<tr>\n<td><\/td>\n<td><\/td>\n<td><\/td>\n<td><\/td>\n<td><\/td>\n<\/tr>\n<tr>\n<td><\/td>\n<td><\/td>\n<td><\/td>\n<td><\/td>\n<td><\/td>\n<\/tr>\n<tr>\n<td><\/td>\n<td><\/td>\n<td><\/td>\n<td><\/td>\n<td><\/td>\n<\/tr>\n<tr>\n<td><\/td>\n<td><\/td>\n<td><\/td>\n<td><\/td>\n<td><\/td>\n<\/tr>\n<tr>\n<td><\/td>\n<td><\/td>\n<td><\/td>\n<td><\/td>\n<td><\/td>\n<\/tr>\n<tr>\n<td><\/td>\n<td><\/td>\n<td><\/td>\n<td><\/td>\n<td><\/td>\n<\/tr>\n<tr>\n<td><\/td>\n<td><\/td>\n<td><\/td>\n<td><\/td>\n<td><\/td>\n<\/tr>\n<tr>\n<td><\/td>\n<td><\/td>\n<td><\/td>\n<td><\/td>\n<td><\/td>\n<\/tr>\n<tr>\n<td><\/td>\n<td><\/td>\n<td><\/td>\n<td><\/td>\n<td><\/td>\n<\/tr>\n<tr>\n<td><\/td>\n<td><\/td>\n<td><\/td>\n<td><\/td>\n<td><\/td>\n<\/tr>\n<tr>\n<td><\/td>\n<td><\/td>\n<td><\/td>\n<td><\/td>\n<td><\/td>\n<\/tr>\n<tr>\n<td><\/td>\n<td><\/td>\n<td><\/td>\n<td><\/td>\n<td><\/td>\n<\/tr>\n<tr>\n<td><\/td>\n<td><\/td>\n<td><\/td>\n<td><\/td>\n<td><\/td>\n<\/tr>\n<tr>\n<td><\/td>\n<td><\/td>\n<td><\/td>\n<td><\/td>\n<td><\/td>\n<\/tr>\n<tr>\n<td><\/td>\n<td><\/td>\n<td><\/td>\n<td><\/td>\n<td><\/td>\n<\/tr>\n<tr>\n<td><\/td>\n<td><\/td>\n<td><\/td>\n<td><\/td>\n<td><\/td>\n<\/tr>\n<tr>\n<td><\/td>\n<td><\/td>\n<td><\/td>\n<td><\/td>\n<td><\/td>\n<\/tr>\n<tr>\n<td><\/td>\n<td><\/td>\n<td><\/td>\n<td><\/td>\n<td><\/td>\n<\/tr>\n<tr>\n<td><\/td>\n<td><\/td>\n<td><\/td>\n<td><\/td>\n<td><\/td>\n<\/tr>\n<\/tbody>\n<\/table>\n<p>&nbsp;<\/p>\n","protected":false},"excerpt":{"rendered":"<p>&nbsp; Ara\u00e7 \u00fczerine reklam folyolar\u0131 kaplamalar\u0131 haricinde iste\u011finize g\u00f6re kaputu korumak i\u00e7in veya renk de\u011fi\u015fimi i\u00e7in folyo kaplama hizmetlerimizde mevcuttur. Ayr\u0131ca iste\u011finize g\u00f6re ara\u00e7lar\u0131n\u0131za k\u0131smi sticker yap\u0131\u015ft\u0131rma uygulamas\u0131 ve ara\u00e7 koruma filmi de uygulanmaktad\u0131r. &nbsp;<\/p>\n","protected":false},"author":1,"featured_media":0,"parent":0,"menu_order":0,"comment_status":"closed","ping_status":"closed","template":"","meta":{"footnotes":""},"_links":{"self":[{"href":"https:\/\/targetreklam.com\/index.php\/wp-json\/wp\/v2\/pages\/37"}],"collection":[{"href":"https:\/\/targetreklam.com\/index.php\/wp-json\/wp\/v2\/pages"}],"about":[{"href":"https:\/\/targetreklam.com\/index.php\/wp-json\/wp\/v2\/types\/page"}],"author":[{"embeddable":true,"href":"https:\/\/targetreklam.com\/index.php\/wp-json\/wp\/v2\/users\/1"}],"replies":[{"embeddable":true,"href":"https:\/\/targetreklam.com\/index.php\/wp-json\/wp\/v2\/comments?post=37"}],"version-history":[{"count":11,"href":"https:\/\/targetreklam.com\/index.php\/wp-json\/wp\/v2\/pages\/37\/revisions"}],"predecessor-version":[{"id":169,"href":"https:\/\/targetreklam.com\/index.php\/wp-json\/wp\/v2\/pages\/37\/revisions\/169"}],"wp:attachment":[{"href":"https:\/\/targetreklam.com\/index.php\/wp-json\/wp\/v2\/media?parent=37"}],"curies":[{"name":"wp","href":"https:\/\/api.w.org\/{rel}","templated":true}]}}