{"id":156,"date":"2023-10-26T14:36:56","date_gmt":"2023-10-26T14:36:56","guid":{"rendered":"https:\/\/targetreklam.com\/?page_id=156"},"modified":"2023-10-26T14:38:48","modified_gmt":"2023-10-26T14:38:48","slug":"3d-tasarim","status":"publish","type":"page","link":"https:\/\/targetreklam.com\/index.php\/3d-tasarim\/","title":{"rendered":"3d Tasar\u0131m"},"content":{"rendered":"<p>&nbsp;<\/p>\n<table class=\" aligncenter\" border=\"0\" width=\"70%\" cellspacing=\"0\" cellpadding=\"0\">\n<tbody>\n<tr>\n<td width=\"100%\">\u0130\u00e7 mekan veya d\u0131\u015f mekan i\u00e7in bizden istedi\u011finiz her i\u015fin \u00e7al\u0131\u015fmas\u0131 \u00f6ncelikle bilgisayarda tasarlan\u0131p onay\u0131n\u0131za sunulur. Gerekli de\u011fi\u015fiklikler yap\u0131l\u0131p m\u00fc\u015fteriden onay al\u0131nd\u0131ktan sonra \u00fcretime ge\u00e7ilir ve i\u015fin uygulamas\u0131 ger\u00e7ekle\u015fir.<\/p>\n<p>&nbsp;<\/td>\n<\/tr>\n<\/tbody>\n<\/table>\n<table class=\" aligncenter\" border=\"0\" width=\"70%\" cellspacing=\"0\" cellpadding=\"0\">\n<tbody>\n<tr>\n<td width=\"30%\"><img decoding=\"async\" loading=\"lazy\" class=\"alignnone size-medium wp-image-158\" src=\"https:\/\/targetreklam.com\/wp-content\/uploads\/2023\/10\/3d-tasarim-1-300x169.jpeg\" alt=\"\" width=\"300\" height=\"169\" srcset=\"https:\/\/targetreklam.com\/wp-content\/uploads\/2023\/10\/3d-tasarim-1-300x169.jpeg 300w, https:\/\/targetreklam.com\/wp-content\/uploads\/2023\/10\/3d-tasarim-1-1024x576.jpeg 1024w, https:\/\/targetreklam.com\/wp-content\/uploads\/2023\/10\/3d-tasarim-1-768x432.jpeg 768w, https:\/\/targetreklam.com\/wp-content\/uploads\/2023\/10\/3d-tasarim-1-1536x864.jpeg 1536w, https:\/\/targetreklam.com\/wp-content\/uploads\/2023\/10\/3d-tasarim-1.jpeg 1600w\" sizes=\"(max-width: 300px) 100vw, 300px\" \/><\/td>\n<td width=\"5%\"><\/td>\n<td width=\"30%\"><img decoding=\"async\" loading=\"lazy\" class=\"alignnone size-medium wp-image-161\" src=\"https:\/\/targetreklam.com\/wp-content\/uploads\/2023\/10\/3d-tasarim-4-300x169.jpeg\" alt=\"\" width=\"300\" height=\"169\" srcset=\"https:\/\/targetreklam.com\/wp-content\/uploads\/2023\/10\/3d-tasarim-4-300x169.jpeg 300w, https:\/\/targetreklam.com\/wp-content\/uploads\/2023\/10\/3d-tasarim-4-1024x575.jpeg 1024w, https:\/\/targetreklam.com\/wp-content\/uploads\/2023\/10\/3d-tasarim-4-768x432.jpeg 768w, https:\/\/targetreklam.com\/wp-content\/uploads\/2023\/10\/3d-tasarim-4-1536x863.jpeg 1536w, https:\/\/targetreklam.com\/wp-content\/uploads\/2023\/10\/3d-tasarim-4.jpeg 1600w\" sizes=\"(max-width: 300px) 100vw, 300px\" \/><\/td>\n<td width=\"5%\"><\/td>\n<td width=\"30%\"><img decoding=\"async\" loading=\"lazy\" class=\"alignnone size-medium wp-image-160\" src=\"https:\/\/targetreklam.com\/wp-content\/uploads\/2023\/10\/3d-tasarim-3-300x169.jpeg\" alt=\"\" width=\"300\" height=\"169\" srcset=\"https:\/\/targetreklam.com\/wp-content\/uploads\/2023\/10\/3d-tasarim-3-300x169.jpeg 300w, https:\/\/targetreklam.com\/wp-content\/uploads\/2023\/10\/3d-tasarim-3-1024x575.jpeg 1024w, https:\/\/targetreklam.com\/wp-content\/uploads\/2023\/10\/3d-tasarim-3-768x432.jpeg 768w, https:\/\/targetreklam.com\/wp-content\/uploads\/2023\/10\/3d-tasarim-3-1536x863.jpeg 1536w, https:\/\/targetreklam.com\/wp-content\/uploads\/2023\/10\/3d-tasarim-3.jpeg 1600w\" sizes=\"(max-width: 300px) 100vw, 300px\" \/><\/td>\n<\/tr>\n<tr>\n<td><img decoding=\"async\" loading=\"lazy\" class=\"alignnone size-medium wp-image-159\" src=\"https:\/\/targetreklam.com\/wp-content\/uploads\/2023\/10\/3d-tasarim-2-300x225.jpeg\" alt=\"\" width=\"300\" height=\"225\" srcset=\"https:\/\/targetreklam.com\/wp-content\/uploads\/2023\/10\/3d-tasarim-2-300x225.jpeg 300w, https:\/\/targetreklam.com\/wp-content\/uploads\/2023\/10\/3d-tasarim-2-1024x768.jpeg 1024w, https:\/\/targetreklam.com\/wp-content\/uploads\/2023\/10\/3d-tasarim-2-768x576.jpeg 768w, https:\/\/targetreklam.com\/wp-content\/uploads\/2023\/10\/3d-tasarim-2-1536x1152.jpeg 1536w, https:\/\/targetreklam.com\/wp-content\/uploads\/2023\/10\/3d-tasarim-2.jpeg 1600w\" sizes=\"(max-width: 300px) 100vw, 300px\" \/><\/td>\n<td><\/td>\n<td><img decoding=\"async\" loading=\"lazy\" class=\"alignnone size-medium wp-image-162\" src=\"https:\/\/targetreklam.com\/wp-content\/uploads\/2023\/10\/3d-tasarim-5-300x169.jpeg\" alt=\"\" width=\"300\" height=\"169\" srcset=\"https:\/\/targetreklam.com\/wp-content\/uploads\/2023\/10\/3d-tasarim-5-300x169.jpeg 300w, https:\/\/targetreklam.com\/wp-content\/uploads\/2023\/10\/3d-tasarim-5-1024x575.jpeg 1024w, https:\/\/targetreklam.com\/wp-content\/uploads\/2023\/10\/3d-tasarim-5-768x432.jpeg 768w, https:\/\/targetreklam.com\/wp-content\/uploads\/2023\/10\/3d-tasarim-5-1536x863.jpeg 1536w, https:\/\/targetreklam.com\/wp-content\/uploads\/2023\/10\/3d-tasarim-5.jpeg 1600w\" sizes=\"(max-width: 300px) 100vw, 300px\" \/><\/td>\n<td><\/td>\n<td><img decoding=\"async\" loading=\"lazy\" class=\"alignnone size-medium wp-image-163\" src=\"https:\/\/targetreklam.com\/wp-content\/uploads\/2023\/10\/3d-tasarim-6-300x225.jpeg\" alt=\"\" width=\"300\" height=\"225\" srcset=\"https:\/\/targetreklam.com\/wp-content\/uploads\/2023\/10\/3d-tasarim-6-300x225.jpeg 300w, https:\/\/targetreklam.com\/wp-content\/uploads\/2023\/10\/3d-tasarim-6-1024x768.jpeg 1024w, https:\/\/targetreklam.com\/wp-content\/uploads\/2023\/10\/3d-tasarim-6-768x576.jpeg 768w, https:\/\/targetreklam.com\/wp-content\/uploads\/2023\/10\/3d-tasarim-6-1536x1152.jpeg 1536w, https:\/\/targetreklam.com\/wp-content\/uploads\/2023\/10\/3d-tasarim-6.jpeg 1600w\" sizes=\"(max-width: 300px) 100vw, 300px\" \/><\/td>\n<\/tr>\n<tr>\n<td><\/td>\n<td><\/td>\n<td><\/td>\n<td><\/td>\n<td><\/td>\n<\/tr>\n<tr>\n<td><\/td>\n<td><\/td>\n<td><\/td>\n<td><\/td>\n<td><\/td>\n<\/tr>\n<tr>\n<td><\/td>\n<td><\/td>\n<td><\/td>\n<td><\/td>\n<td><\/td>\n<\/tr>\n<tr>\n<td><\/td>\n<td><\/td>\n<td><\/td>\n<td><\/td>\n<td><\/td>\n<\/tr>\n<tr>\n<td><\/td>\n<td><\/td>\n<td><\/td>\n<td><\/td>\n<td><\/td>\n<\/tr>\n<tr>\n<td><\/td>\n<td><\/td>\n<td><\/td>\n<td><\/td>\n<td><\/td>\n<\/tr>\n<tr>\n<td><\/td>\n<td><\/td>\n<td><\/td>\n<td><\/td>\n<td><\/td>\n<\/tr>\n<tr>\n<td><\/td>\n<td><\/td>\n<td><\/td>\n<td><\/td>\n<td><\/td>\n<\/tr>\n<tr>\n<td><\/td>\n<td><\/td>\n<td><\/td>\n<td><\/td>\n<td><\/td>\n<\/tr>\n<tr>\n<td><\/td>\n<td><\/td>\n<td><\/td>\n<td><\/td>\n<td><\/td>\n<\/tr>\n<tr>\n<td><\/td>\n<td><\/td>\n<td><\/td>\n<td><\/td>\n<td><\/td>\n<\/tr>\n<tr>\n<td><\/td>\n<td><\/td>\n<td><\/td>\n<td><\/td>\n<td><\/td>\n<\/tr>\n<tr>\n<td><\/td>\n<td><\/td>\n<td><\/td>\n<td><\/td>\n<td><\/td>\n<\/tr>\n<tr>\n<td><\/td>\n<td><\/td>\n<td><\/td>\n<td><\/td>\n<td><\/td>\n<\/tr>\n<tr>\n<td><\/td>\n<td><\/td>\n<td><\/td>\n<td><\/td>\n<td><\/td>\n<\/tr>\n<tr>\n<td><\/td>\n<td><\/td>\n<td><\/td>\n<td><\/td>\n<td><\/td>\n<\/tr>\n<tr>\n<td><\/td>\n<td><\/td>\n<td><\/td>\n<td><\/td>\n<td><\/td>\n<\/tr>\n<tr>\n<td><\/td>\n<td><\/td>\n<td><\/td>\n<td><\/td>\n<td><\/td>\n<\/tr>\n<tr>\n<td><\/td>\n<td><\/td>\n<td><\/td>\n<td><\/td>\n<td><\/td>\n<\/tr>\n<tr>\n<td><\/td>\n<td><\/td>\n<td><\/td>\n<td><\/td>\n<td><\/td>\n<\/tr>\n<tr>\n<td><\/td>\n<td><\/td>\n<td><\/td>\n<td><\/td>\n<td><\/td>\n<\/tr>\n<tr>\n<td><\/td>\n<td><\/td>\n<td><\/td>\n<td><\/td>\n<td><\/td>\n<\/tr>\n<tr>\n<td><\/td>\n<td><\/td>\n<td><\/td>\n<td><\/td>\n<td><\/td>\n<\/tr>\n<tr>\n<td><\/td>\n<td><\/td>\n<td><\/td>\n<td><\/td>\n<td><\/td>\n<\/tr>\n<tr>\n<td><\/td>\n<td><\/td>\n<td><\/td>\n<td><\/td>\n<td><\/td>\n<\/tr>\n<tr>\n<td><\/td>\n<td><\/td>\n<td><\/td>\n<td><\/td>\n<td><\/td>\n<\/tr>\n<tr>\n<td><\/td>\n<td><\/td>\n<td><\/td>\n<td><\/td>\n<td><\/td>\n<\/tr>\n<\/tbody>\n<\/table>\n<p>&nbsp;<\/p>\n","protected":false},"excerpt":{"rendered":"<p>&nbsp; \u0130\u00e7 mekan veya d\u0131\u015f mekan i\u00e7in bizden istedi\u011finiz her i\u015fin \u00e7al\u0131\u015fmas\u0131 \u00f6ncelikle bilgisayarda tasarlan\u0131p onay\u0131n\u0131za sunulur. Gerekli de\u011fi\u015fiklikler yap\u0131l\u0131p m\u00fc\u015fteriden onay al\u0131nd\u0131ktan sonra \u00fcretime ge\u00e7ilir ve i\u015fin uygulamas\u0131 ger\u00e7ekle\u015fir. &nbsp; &nbsp;<\/p>\n","protected":false},"author":1,"featured_media":0,"parent":0,"menu_order":0,"comment_status":"closed","ping_status":"closed","template":"","meta":{"footnotes":""},"_links":{"self":[{"href":"https:\/\/targetreklam.com\/index.php\/wp-json\/wp\/v2\/pages\/156"}],"collection":[{"href":"https:\/\/targetreklam.com\/index.php\/wp-json\/wp\/v2\/pages"}],"about":[{"href":"https:\/\/targetreklam.com\/index.php\/wp-json\/wp\/v2\/types\/page"}],"author":[{"embeddable":true,"href":"https:\/\/targetreklam.com\/index.php\/wp-json\/wp\/v2\/users\/1"}],"replies":[{"embeddable":true,"href":"https:\/\/targetreklam.com\/index.php\/wp-json\/wp\/v2\/comments?post=156"}],"version-history":[{"count":2,"href":"https:\/\/targetreklam.com\/index.php\/wp-json\/wp\/v2\/pages\/156\/revisions"}],"predecessor-version":[{"id":166,"href":"https:\/\/targetreklam.com\/index.php\/wp-json\/wp\/v2\/pages\/156\/revisions\/166"}],"wp:attachment":[{"href":"https:\/\/targetreklam.com\/index.php\/wp-json\/wp\/v2\/media?parent=156"}],"curies":[{"name":"wp","href":"https:\/\/api.w.org\/{rel}","templated":true}]}}