{"id":106,"date":"2023-10-23T19:42:17","date_gmt":"2023-10-23T19:42:17","guid":{"rendered":"https:\/\/targetreklam.com\/?page_id=106"},"modified":"2023-10-23T19:42:17","modified_gmt":"2023-10-23T19:42:17","slug":"ic-mekan-baski","status":"publish","type":"page","link":"https:\/\/targetreklam.com\/index.php\/ic-mekan-baski\/","title":{"rendered":"\u0130\u00e7 Mekan Bask\u0131"},"content":{"rendered":"<p>&nbsp;<\/p>\n<table class=\" aligncenter\" border=\"0\" width=\"70%\" cellspacing=\"0\" cellpadding=\"0\">\n<tbody>\n<tr>\n<td width=\"100%\">Genellikle al\u0131\u015f veri\u015f merkezleri ve fuar gibi alanlarda kullan\u0131lmaktad\u0131r. D\u0131\u015f hava \u015fartlar\u0131na (g\u00fcne\u015f, ya\u011fmur v.b.) dayanakl\u0131 de\u011fillerdir ancak d\u0131\u015f mekan bask\u0131lara nazaran \u00e7ok daha y\u00fcksek \u00e7\u00f6z\u00fcn\u00fcrl\u00fc\u011fe sahiptirler.<\/td>\n<\/tr>\n<\/tbody>\n<\/table>\n<table class=\" aligncenter\" border=\"0\" width=\"70%\" cellspacing=\"0\" cellpadding=\"0\">\n<tbody>\n<tr>\n<td width=\"30%\"><img decoding=\"async\" loading=\"lazy\" class=\"alignnone wp-image-91 size-medium\" src=\"https:\/\/targetreklam.com\/wp-content\/uploads\/2023\/10\/ic-mekan-8-300x225.jpeg\" alt=\"\" width=\"300\" height=\"225\" srcset=\"https:\/\/targetreklam.com\/wp-content\/uploads\/2023\/10\/ic-mekan-8-300x225.jpeg 300w, https:\/\/targetreklam.com\/wp-content\/uploads\/2023\/10\/ic-mekan-8-1024x768.jpeg 1024w, https:\/\/targetreklam.com\/wp-content\/uploads\/2023\/10\/ic-mekan-8-768x576.jpeg 768w, https:\/\/targetreklam.com\/wp-content\/uploads\/2023\/10\/ic-mekan-8-1536x1152.jpeg 1536w, https:\/\/targetreklam.com\/wp-content\/uploads\/2023\/10\/ic-mekan-8.jpeg 1600w\" sizes=\"(max-width: 300px) 100vw, 300px\" \/><\/td>\n<td width=\"5%\"><\/td>\n<td width=\"30%\"><img decoding=\"async\" loading=\"lazy\" class=\"alignnone wp-image-90 size-medium\" src=\"https:\/\/targetreklam.com\/wp-content\/uploads\/2023\/10\/ic-mekan-7-300x225.jpeg\" alt=\"\" width=\"300\" height=\"225\" srcset=\"https:\/\/targetreklam.com\/wp-content\/uploads\/2023\/10\/ic-mekan-7-300x225.jpeg 300w, https:\/\/targetreklam.com\/wp-content\/uploads\/2023\/10\/ic-mekan-7-1024x768.jpeg 1024w, https:\/\/targetreklam.com\/wp-content\/uploads\/2023\/10\/ic-mekan-7-768x576.jpeg 768w, https:\/\/targetreklam.com\/wp-content\/uploads\/2023\/10\/ic-mekan-7-1536x1152.jpeg 1536w, https:\/\/targetreklam.com\/wp-content\/uploads\/2023\/10\/ic-mekan-7.jpeg 1600w\" sizes=\"(max-width: 300px) 100vw, 300px\" \/><\/td>\n<td width=\"5%\"><\/td>\n<td width=\"30%\"><img decoding=\"async\" loading=\"lazy\" class=\"alignnone wp-image-89 size-medium\" src=\"https:\/\/targetreklam.com\/wp-content\/uploads\/2023\/10\/ic-mekan-6-300x225.jpeg\" alt=\"\" width=\"300\" height=\"225\" srcset=\"https:\/\/targetreklam.com\/wp-content\/uploads\/2023\/10\/ic-mekan-6-300x225.jpeg 300w, https:\/\/targetreklam.com\/wp-content\/uploads\/2023\/10\/ic-mekan-6-1024x768.jpeg 1024w, https:\/\/targetreklam.com\/wp-content\/uploads\/2023\/10\/ic-mekan-6-768x576.jpeg 768w, https:\/\/targetreklam.com\/wp-content\/uploads\/2023\/10\/ic-mekan-6-1536x1152.jpeg 1536w, https:\/\/targetreklam.com\/wp-content\/uploads\/2023\/10\/ic-mekan-6.jpeg 1600w\" sizes=\"(max-width: 300px) 100vw, 300px\" \/><\/td>\n<\/tr>\n<tr>\n<td><img decoding=\"async\" loading=\"lazy\" class=\"alignnone wp-image-88 size-medium\" src=\"https:\/\/targetreklam.com\/wp-content\/uploads\/2023\/10\/ic-mekan-5-300x225.jpeg\" alt=\"\" width=\"300\" height=\"225\" srcset=\"https:\/\/targetreklam.com\/wp-content\/uploads\/2023\/10\/ic-mekan-5-300x225.jpeg 300w, https:\/\/targetreklam.com\/wp-content\/uploads\/2023\/10\/ic-mekan-5-1024x768.jpeg 1024w, https:\/\/targetreklam.com\/wp-content\/uploads\/2023\/10\/ic-mekan-5-768x576.jpeg 768w, https:\/\/targetreklam.com\/wp-content\/uploads\/2023\/10\/ic-mekan-5-1536x1152.jpeg 1536w, https:\/\/targetreklam.com\/wp-content\/uploads\/2023\/10\/ic-mekan-5.jpeg 1600w\" sizes=\"(max-width: 300px) 100vw, 300px\" \/><\/td>\n<td><\/td>\n<td><img decoding=\"async\" loading=\"lazy\" class=\"alignnone wp-image-87 size-medium\" src=\"https:\/\/targetreklam.com\/wp-content\/uploads\/2023\/10\/ic-mekan-4-300x225.jpeg\" alt=\"\" width=\"300\" height=\"225\" srcset=\"https:\/\/targetreklam.com\/wp-content\/uploads\/2023\/10\/ic-mekan-4-300x225.jpeg 300w, https:\/\/targetreklam.com\/wp-content\/uploads\/2023\/10\/ic-mekan-4-1024x768.jpeg 1024w, https:\/\/targetreklam.com\/wp-content\/uploads\/2023\/10\/ic-mekan-4-768x576.jpeg 768w, https:\/\/targetreklam.com\/wp-content\/uploads\/2023\/10\/ic-mekan-4-1536x1152.jpeg 1536w, https:\/\/targetreklam.com\/wp-content\/uploads\/2023\/10\/ic-mekan-4.jpeg 1600w\" sizes=\"(max-width: 300px) 100vw, 300px\" \/><\/td>\n<td><\/td>\n<td><img decoding=\"async\" loading=\"lazy\" class=\"alignnone wp-image-86 size-medium\" src=\"https:\/\/targetreklam.com\/wp-content\/uploads\/2023\/10\/ic-mekan-3-300x225.jpeg\" alt=\"\" width=\"300\" height=\"225\" srcset=\"https:\/\/targetreklam.com\/wp-content\/uploads\/2023\/10\/ic-mekan-3-300x225.jpeg 300w, https:\/\/targetreklam.com\/wp-content\/uploads\/2023\/10\/ic-mekan-3-1024x768.jpeg 1024w, https:\/\/targetreklam.com\/wp-content\/uploads\/2023\/10\/ic-mekan-3-768x576.jpeg 768w, https:\/\/targetreklam.com\/wp-content\/uploads\/2023\/10\/ic-mekan-3-1536x1152.jpeg 1536w, https:\/\/targetreklam.com\/wp-content\/uploads\/2023\/10\/ic-mekan-3.jpeg 2048w\" sizes=\"(max-width: 300px) 100vw, 300px\" \/><\/td>\n<\/tr>\n<tr>\n<td><img decoding=\"async\" loading=\"lazy\" class=\"alignnone wp-image-85 size-medium\" src=\"https:\/\/targetreklam.com\/wp-content\/uploads\/2023\/10\/ic-mekan-2-300x225.jpeg\" alt=\"\" width=\"300\" height=\"225\" srcset=\"https:\/\/targetreklam.com\/wp-content\/uploads\/2023\/10\/ic-mekan-2-300x225.jpeg 300w, https:\/\/targetreklam.com\/wp-content\/uploads\/2023\/10\/ic-mekan-2-1024x768.jpeg 1024w, https:\/\/targetreklam.com\/wp-content\/uploads\/2023\/10\/ic-mekan-2-768x576.jpeg 768w, https:\/\/targetreklam.com\/wp-content\/uploads\/2023\/10\/ic-mekan-2-1536x1152.jpeg 1536w, https:\/\/targetreklam.com\/wp-content\/uploads\/2023\/10\/ic-mekan-2.jpeg 2040w\" sizes=\"(max-width: 300px) 100vw, 300px\" \/><\/td>\n<td><\/td>\n<td><img decoding=\"async\" loading=\"lazy\" class=\"alignnone wp-image-84 size-medium\" src=\"https:\/\/targetreklam.com\/wp-content\/uploads\/2023\/10\/ic-mekan-1-300x225.jpeg\" alt=\"\" width=\"300\" height=\"225\" srcset=\"https:\/\/targetreklam.com\/wp-content\/uploads\/2023\/10\/ic-mekan-1-300x225.jpeg 300w, https:\/\/targetreklam.com\/wp-content\/uploads\/2023\/10\/ic-mekan-1-1024x768.jpeg 1024w, https:\/\/targetreklam.com\/wp-content\/uploads\/2023\/10\/ic-mekan-1-768x576.jpeg 768w, https:\/\/targetreklam.com\/wp-content\/uploads\/2023\/10\/ic-mekan-1-1536x1152.jpeg 1536w, https:\/\/targetreklam.com\/wp-content\/uploads\/2023\/10\/ic-mekan-1.jpeg 2040w\" sizes=\"(max-width: 300px) 100vw, 300px\" \/><\/td>\n<td><\/td>\n<td><\/td>\n<\/tr>\n<\/tbody>\n<\/table>\n<p>&nbsp;<\/p>\n","protected":false},"excerpt":{"rendered":"<p>&nbsp; Genellikle al\u0131\u015f veri\u015f merkezleri ve fuar gibi alanlarda kullan\u0131lmaktad\u0131r. D\u0131\u015f hava \u015fartlar\u0131na (g\u00fcne\u015f, ya\u011fmur v.b.) dayanakl\u0131 de\u011fillerdir ancak d\u0131\u015f mekan bask\u0131lara nazaran \u00e7ok daha y\u00fcksek \u00e7\u00f6z\u00fcn\u00fcrl\u00fc\u011fe sahiptirler. &nbsp;<\/p>\n","protected":false},"author":1,"featured_media":0,"parent":0,"menu_order":0,"comment_status":"closed","ping_status":"closed","template":"","meta":{"footnotes":""},"_links":{"self":[{"href":"https:\/\/targetreklam.com\/index.php\/wp-json\/wp\/v2\/pages\/106"}],"collection":[{"href":"https:\/\/targetreklam.com\/index.php\/wp-json\/wp\/v2\/pages"}],"about":[{"href":"https:\/\/targetreklam.com\/index.php\/wp-json\/wp\/v2\/types\/page"}],"author":[{"embeddable":true,"href":"https:\/\/targetreklam.com\/index.php\/wp-json\/wp\/v2\/users\/1"}],"replies":[{"embeddable":true,"href":"https:\/\/targetreklam.com\/index.php\/wp-json\/wp\/v2\/comments?post=106"}],"version-history":[{"count":2,"href":"https:\/\/targetreklam.com\/index.php\/wp-json\/wp\/v2\/pages\/106\/revisions"}],"predecessor-version":[{"id":108,"href":"https:\/\/targetreklam.com\/index.php\/wp-json\/wp\/v2\/pages\/106\/revisions\/108"}],"wp:attachment":[{"href":"https:\/\/targetreklam.com\/index.php\/wp-json\/wp\/v2\/media?parent=106"}],"curies":[{"name":"wp","href":"https:\/\/api.w.org\/{rel}","templated":true}]}}